{"id":137,"date":"2021-04-26T21:38:43","date_gmt":"2021-04-26T19:38:43","guid":{"rendered":"http:\/\/dufgreene.synology.me:8000\/?page_id=137"},"modified":"2021-04-26T21:38:43","modified_gmt":"2021-04-26T19:38:43","slug":"les-fermes-bio-disigny","status":"publish","type":"page","link":"https:\/\/lebiodelamue.fr\/index.php\/nos-producteurs\/les-fermes-bio-disigny\/","title":{"rendered":"Les Fermes Bio d&#8217;Isigny"},"content":{"rendered":"\n<p>Les Fermes Bio d&#8217;Isigny sont douze fermiers, producteurs laitiers biologiques, r\u00e9partis autour d&#8217;Isigny-sur-Mer en Basse-Normandie.<\/p>\n\n\n\n<p>L&#8217;\u00e9levage dans ces fermes est rest\u00e9\u00a0traditionnel\u00a0: les bovins sont mis en p\u00e2turage et se nourrissent d&#8217;une herbe simple et naturelle. Le terroir d\u2019Isigny b\u00e9n\u00e9ficie d\u2019un climat doux et humide, proche de la mer et des marais du Bessin et du Cotentin. Les vaches s\u2019y nourrissent donc d\u2019une herbe riche en iode, en beta carot\u00e8ne et en oligo-\u00e9l\u00e9ments qui donnent au lait des qualit\u00e9s nutritionnelles et un go\u00fbt exceptionnel.<\/p>\n\n\n\n<p>Favorisant le bien-\u00eatre des animaux dont ils ont la charge, les Fermes Bio utilisent des techniques naturelles non polluantes.<\/p>\n\n\n\n<p>Les produits issus de l&#8217;agriculture biologique sont \u00e9labor\u00e9s \u00e0 Isigny-sur-Mer.<\/p>\n","protected":false},"excerpt":{"rendered":"<p>Les Fermes Bio d&#8217;Isigny sont douze fermiers, producteurs laitiers biologiques, r\u00e9partis autour d&#8217;Isigny-sur-Mer en Basse-Normandie. L&#8217;\u00e9levage dans ces fermes est [&hellip;]<\/p>\n","protected":false},"author":1,"featured_media":0,"parent":56,"menu_order":0,"comment_status":"closed","ping_status":"closed","template":"","meta":[],"_links":{"self":[{"href":"https:\/\/lebiodelamue.fr\/index.php\/wp-json\/wp\/v2\/pages\/137"}],"collection":[{"href":"https:\/\/lebiodelamue.fr\/index.php\/wp-json\/wp\/v2\/pages"}],"about":[{"href":"https:\/\/lebiodelamue.fr\/index.php\/wp-json\/wp\/v2\/types\/page"}],"author":[{"embeddable":true,"href":"https:\/\/lebiodelamue.fr\/index.php\/wp-json\/wp\/v2\/users\/1"}],"replies":[{"embeddable":true,"href":"https:\/\/lebiodelamue.fr\/index.php\/wp-json\/wp\/v2\/comments?post=137"}],"version-history":[{"count":0,"href":"https:\/\/lebiodelamue.fr\/index.php\/wp-json\/wp\/v2\/pages\/137\/revisions"}],"up":[{"embeddable":true,"href":"https:\/\/lebiodelamue.fr\/index.php\/wp-json\/wp\/v2\/pages\/56"}],"wp:attachment":[{"href":"https:\/\/lebiodelamue.fr\/index.php\/wp-json\/wp\/v2\/media?parent=137"}],"curies":[{"name":"wp","href":"https:\/\/api.w.org\/{rel}","templated":true}]}}