{"id":141,"date":"2021-04-26T21:42:39","date_gmt":"2021-04-26T19:42:39","guid":{"rendered":"http:\/\/dufgreene.synology.me:8000\/?page_id=141"},"modified":"2021-06-23T14:40:55","modified_gmt":"2021-06-23T12:40:55","slug":"les-vergers-de-ducy","status":"publish","type":"page","link":"https:\/\/lebiodelamue.fr\/index.php\/nos-producteurs\/les-vergers-de-ducy\/","title":{"rendered":"Les Vergers de Ducy"},"content":{"rendered":"\n<p>Le Domaine de la Flaguerie (\u00e0 l\u2019origine des Vergers de Ducy) est une ferme familiale situ\u00e9e dans le Bessin depuis 1835. Administr\u00e9e par des passionn\u00e9s normands, son c\u0153ur de m\u00e9tier est consacr\u00e9 \u00e0 la production de la pomme \u00e0 cidre. Les vergers sont entretenus depuis plus de 20 ans en agriculture biologique.<\/p>\n\n\n\n<p>Sur place, vous pouvez d\u00e9couvrir nos diff\u00e9rents produits du terroir ainsi que leur production lors d\u2019une visite guid\u00e9e \u00e0 travers les pommiers et la cidrerie. Jus de pomme biologique, cidre biologique, Pommeau de Normandie et Calvados sont traditionnellement \u00e0 l\u2019honneur dans la ferme familiale.<\/p>\n\n\n\n<p>Plus d&#8217;information sur les Vergers de Ducy sur leur site web:&nbsp;<a rel=\"noreferrer noopener\" href=\"http:\/\/www.domaine-flaguerie.fr\/\" target=\"_blank\">http:\/\/www.domaine-flaguerie.fr\/<\/a>.<\/p>\n\n\n\n<div class=\"wp-block-columns\">\n<div class=\"wp-block-column\">\n<div class=\"wp-block-image\"><figure class=\"alignright size-large\"><img loading=\"lazy\" width=\"768\" height=\"576\" src=\"http:\/\/lebiodelamue.fr\/wp-content\/uploads\/2021\/06\/Entree-Ferme-5-768x576-1.jpg\" alt=\"\" class=\"wp-image-347\" srcset=\"https:\/\/lebiodelamue.fr\/wp-content\/uploads\/2021\/06\/Entree-Ferme-5-768x576-1.jpg 768w, https:\/\/lebiodelamue.fr\/wp-content\/uploads\/2021\/06\/Entree-Ferme-5-768x576-1-300x225.jpg 300w\" sizes=\"(max-width: 768px) 100vw, 768px\" \/><\/figure><\/div>\n<\/div>\n\n\n\n<div class=\"wp-block-column\">\n<div class=\"wp-block-image\"><figure class=\"alignleft size-large\"><img loading=\"lazy\" width=\"768\" height=\"512\" src=\"http:\/\/lebiodelamue.fr\/wp-content\/uploads\/2021\/06\/MG_1350-7-leger-1-768x512-1.jpg\" alt=\"\" class=\"wp-image-348\" srcset=\"https:\/\/lebiodelamue.fr\/wp-content\/uploads\/2021\/06\/MG_1350-7-leger-1-768x512-1.jpg 768w, https:\/\/lebiodelamue.fr\/wp-content\/uploads\/2021\/06\/MG_1350-7-leger-1-768x512-1-300x200.jpg 300w\" sizes=\"(max-width: 768px) 100vw, 768px\" \/><\/figure><\/div>\n<\/div>\n<\/div>\n\n\n\n<div class=\"wp-block-image\"><figure class=\"aligncenter size-large\"><img loading=\"lazy\" width=\"768\" height=\"445\" src=\"http:\/\/lebiodelamue.fr\/wp-content\/uploads\/2021\/06\/verger-Jean-10-1-768x445-1.jpg\" alt=\"\" class=\"wp-image-349\" srcset=\"https:\/\/lebiodelamue.fr\/wp-content\/uploads\/2021\/06\/verger-Jean-10-1-768x445-1.jpg 768w, https:\/\/lebiodelamue.fr\/wp-content\/uploads\/2021\/06\/verger-Jean-10-1-768x445-1-300x174.jpg 300w\" sizes=\"(max-width: 768px) 100vw, 768px\" \/><\/figure><\/div>\n","protected":false},"excerpt":{"rendered":"<p>Le Domaine de la Flaguerie (\u00e0 l\u2019origine des Vergers de Ducy) est une ferme familiale situ\u00e9e dans le Bessin depuis [&hellip;]<\/p>\n","protected":false},"author":1,"featured_media":0,"parent":56,"menu_order":0,"comment_status":"closed","ping_status":"closed","template":"","meta":[],"_links":{"self":[{"href":"https:\/\/lebiodelamue.fr\/index.php\/wp-json\/wp\/v2\/pages\/141"}],"collection":[{"href":"https:\/\/lebiodelamue.fr\/index.php\/wp-json\/wp\/v2\/pages"}],"about":[{"href":"https:\/\/lebiodelamue.fr\/index.php\/wp-json\/wp\/v2\/types\/page"}],"author":[{"embeddable":true,"href":"https:\/\/lebiodelamue.fr\/index.php\/wp-json\/wp\/v2\/users\/1"}],"replies":[{"embeddable":true,"href":"https:\/\/lebiodelamue.fr\/index.php\/wp-json\/wp\/v2\/comments?post=141"}],"version-history":[{"count":1,"href":"https:\/\/lebiodelamue.fr\/index.php\/wp-json\/wp\/v2\/pages\/141\/revisions"}],"predecessor-version":[{"id":350,"href":"https:\/\/lebiodelamue.fr\/index.php\/wp-json\/wp\/v2\/pages\/141\/revisions\/350"}],"up":[{"embeddable":true,"href":"https:\/\/lebiodelamue.fr\/index.php\/wp-json\/wp\/v2\/pages\/56"}],"wp:attachment":[{"href":"https:\/\/lebiodelamue.fr\/index.php\/wp-json\/wp\/v2\/media?parent=141"}],"curies":[{"name":"wp","href":"https:\/\/api.w.org\/{rel}","templated":true}]}}