{"id":146,"date":"2021-04-26T21:47:38","date_gmt":"2021-04-26T19:47:38","guid":{"rendered":"http:\/\/dufgreene.synology.me:8000\/?page_id=146"},"modified":"2023-03-05T19:50:04","modified_gmt":"2023-03-05T18:50:04","slug":"oana","status":"publish","type":"page","link":"https:\/\/lebiodelamue.fr\/index.php\/nos-producteurs\/oana\/","title":{"rendered":"OANA"},"content":{"rendered":"\n<p>Apiculteur install\u00e9 \u00e0 Ste Honorine de Ducy depuis 2020, je travaille sur des petits ruchers d\u2019abeilles noires (abeille end\u00e9mique) proche de chez moi et sur des parcelles bio (vergers, sarrasin, colza,&#8230;). C\u2019est un souhait pour pr\u00e9server l\u2019esp\u00e8ce et la biodiversit\u00e9. Je vends mes diff\u00e9rents miels (toutes fleurs de printemps, d&#8217;\u00e9t\u00e9, sarrasin, tournesol, \u2026) que j&#8217;extrais \u00e0 froid et ainsi que des essaims.<\/p>\n\n\n\n<figure class=\"wp-block-image size-large\"><img loading=\"lazy\" width=\"1024\" height=\"389\" src=\"http:\/\/lebiodelamue.fr\/wp-content\/uploads\/2023\/03\/Miels-1-1024x389.jpg\" alt=\"\" class=\"wp-image-435\" srcset=\"https:\/\/lebiodelamue.fr\/wp-content\/uploads\/2023\/03\/Miels-1-1024x389.jpg 1024w, https:\/\/lebiodelamue.fr\/wp-content\/uploads\/2023\/03\/Miels-1-300x114.jpg 300w, https:\/\/lebiodelamue.fr\/wp-content\/uploads\/2023\/03\/Miels-1-768x291.jpg 768w, https:\/\/lebiodelamue.fr\/wp-content\/uploads\/2023\/03\/Miels-1-1536x583.jpg 1536w, https:\/\/lebiodelamue.fr\/wp-content\/uploads\/2023\/03\/Miels-1-2048x777.jpg 2048w\" sizes=\"(max-width: 1024px) 100vw, 1024px\" \/><\/figure>\n\n\n\n<figure class=\"wp-block-image size-large\"><img loading=\"lazy\" width=\"1023\" height=\"741\" src=\"http:\/\/lebiodelamue.fr\/wp-content\/uploads\/2023\/03\/Miels-2.jpg.png\" alt=\"\" class=\"wp-image-436\" srcset=\"https:\/\/lebiodelamue.fr\/wp-content\/uploads\/2023\/03\/Miels-2.jpg.png 1023w, https:\/\/lebiodelamue.fr\/wp-content\/uploads\/2023\/03\/Miels-2.jpg-300x217.png 300w, https:\/\/lebiodelamue.fr\/wp-content\/uploads\/2023\/03\/Miels-2.jpg-768x556.png 768w\" sizes=\"(max-width: 1023px) 100vw, 1023px\" \/><\/figure>\n","protected":false},"excerpt":{"rendered":"<p>Apiculteur install\u00e9 \u00e0 Ste Honorine de Ducy depuis 2020, je travaille sur des petits ruchers d\u2019abeilles noires (abeille end\u00e9mique) proche [&hellip;]<\/p>\n","protected":false},"author":1,"featured_media":0,"parent":56,"menu_order":0,"comment_status":"closed","ping_status":"closed","template":"","meta":[],"_links":{"self":[{"href":"https:\/\/lebiodelamue.fr\/index.php\/wp-json\/wp\/v2\/pages\/146"}],"collection":[{"href":"https:\/\/lebiodelamue.fr\/index.php\/wp-json\/wp\/v2\/pages"}],"about":[{"href":"https:\/\/lebiodelamue.fr\/index.php\/wp-json\/wp\/v2\/types\/page"}],"author":[{"embeddable":true,"href":"https:\/\/lebiodelamue.fr\/index.php\/wp-json\/wp\/v2\/users\/1"}],"replies":[{"embeddable":true,"href":"https:\/\/lebiodelamue.fr\/index.php\/wp-json\/wp\/v2\/comments?post=146"}],"version-history":[{"count":2,"href":"https:\/\/lebiodelamue.fr\/index.php\/wp-json\/wp\/v2\/pages\/146\/revisions"}],"predecessor-version":[{"id":437,"href":"https:\/\/lebiodelamue.fr\/index.php\/wp-json\/wp\/v2\/pages\/146\/revisions\/437"}],"up":[{"embeddable":true,"href":"https:\/\/lebiodelamue.fr\/index.php\/wp-json\/wp\/v2\/pages\/56"}],"wp:attachment":[{"href":"https:\/\/lebiodelamue.fr\/index.php\/wp-json\/wp\/v2\/media?parent=146"}],"curies":[{"name":"wp","href":"https:\/\/api.w.org\/{rel}","templated":true}]}}