{"id":150,"date":"2021-04-26T21:50:59","date_gmt":"2021-04-26T19:50:59","guid":{"rendered":"http:\/\/dufgreene.synology.me:8000\/?page_id=150"},"modified":"2021-06-23T14:42:55","modified_gmt":"2021-06-23T12:42:55","slug":"gaec-le-vent-des-marais","status":"publish","type":"page","link":"https:\/\/lebiodelamue.fr\/index.php\/nos-producteurs\/gaec-le-vent-des-marais\/","title":{"rendered":"GAEC Le Vent des Marais"},"content":{"rendered":"\n<p>Le GAEC le Vent des Marais est une petite exploitation localis\u00e9e \u00e0 Brucourt, dans le Calvados, plus exactement dans les marais de la Dives.<\/p>\n\n\n\n<p>Cette exploitation familiale est certifi\u00e9e en Bio par ECOCERT depuis 2005, pour ses activit\u00e9s de viande de veau et d\u2019agneau.<\/p>\n\n\n\n<p>Le troupeau de bovin est de race Limousine, et le troupeau d\u2019ovin est de race Suffolk. Ceux sont toutes deux des races avec non seulement les qualit\u00e9s bouch\u00e8res recherch\u00e9es (qualit\u00e9s gustatives, tendret\u00e9, bonne conformation,\u2026) mais qui en plus s\u2019adaptent tr\u00e8s bien aux terres de marais.<\/p>\n\n\n\n<div class=\"wp-block-columns\">\n<div class=\"wp-block-column\">\n<figure class=\"wp-block-image size-large\"><img loading=\"lazy\" width=\"1024\" height=\"576\" src=\"http:\/\/lebiodelamue.fr\/wp-content\/uploads\/2021\/06\/AURELIE-ET-SOMALIE-1024x576-1.jpg\" alt=\"\" class=\"wp-image-351\" srcset=\"https:\/\/lebiodelamue.fr\/wp-content\/uploads\/2021\/06\/AURELIE-ET-SOMALIE-1024x576-1.jpg 1024w, https:\/\/lebiodelamue.fr\/wp-content\/uploads\/2021\/06\/AURELIE-ET-SOMALIE-1024x576-1-300x169.jpg 300w, https:\/\/lebiodelamue.fr\/wp-content\/uploads\/2021\/06\/AURELIE-ET-SOMALIE-1024x576-1-768x432.jpg 768w\" sizes=\"(max-width: 1024px) 100vw, 1024px\" \/><\/figure>\n<\/div>\n\n\n\n<div class=\"wp-block-column\">\n<figure class=\"wp-block-image size-large\"><img loading=\"lazy\" width=\"1024\" height=\"576\" src=\"http:\/\/lebiodelamue.fr\/wp-content\/uploads\/2021\/06\/BREBIS-ET-AGNEAU-DE-PRES-1024x576-1.jpg\" alt=\"\" class=\"wp-image-352\" srcset=\"https:\/\/lebiodelamue.fr\/wp-content\/uploads\/2021\/06\/BREBIS-ET-AGNEAU-DE-PRES-1024x576-1.jpg 1024w, https:\/\/lebiodelamue.fr\/wp-content\/uploads\/2021\/06\/BREBIS-ET-AGNEAU-DE-PRES-1024x576-1-300x169.jpg 300w, https:\/\/lebiodelamue.fr\/wp-content\/uploads\/2021\/06\/BREBIS-ET-AGNEAU-DE-PRES-1024x576-1-768x432.jpg 768w\" sizes=\"(max-width: 1024px) 100vw, 1024px\" \/><\/figure>\n<\/div>\n\n\n\n<div class=\"wp-block-column\">\n<figure class=\"wp-block-image size-large\"><img loading=\"lazy\" width=\"1024\" height=\"576\" src=\"http:\/\/lebiodelamue.fr\/wp-content\/uploads\/2021\/06\/JEAN-PHI-AVEC-SOMALIE-ET-LES-GENISSES-1024x576-1.jpg\" alt=\"\" class=\"wp-image-356\" srcset=\"https:\/\/lebiodelamue.fr\/wp-content\/uploads\/2021\/06\/JEAN-PHI-AVEC-SOMALIE-ET-LES-GENISSES-1024x576-1.jpg 1024w, https:\/\/lebiodelamue.fr\/wp-content\/uploads\/2021\/06\/JEAN-PHI-AVEC-SOMALIE-ET-LES-GENISSES-1024x576-1-300x169.jpg 300w, https:\/\/lebiodelamue.fr\/wp-content\/uploads\/2021\/06\/JEAN-PHI-AVEC-SOMALIE-ET-LES-GENISSES-1024x576-1-768x432.jpg 768w\" sizes=\"(max-width: 1024px) 100vw, 1024px\" \/><\/figure>\n<\/div>\n<\/div>\n\n\n\n<div class=\"wp-block-columns\">\n<div class=\"wp-block-column\">\n<figure class=\"wp-block-image size-large\"><img loading=\"lazy\" width=\"1024\" height=\"294\" src=\"http:\/\/lebiodelamue.fr\/wp-content\/uploads\/2021\/06\/BREBIS-BRUCOURT-APRES-TONTE-1024x294-1.jpg\" alt=\"\" class=\"wp-image-355\" srcset=\"https:\/\/lebiodelamue.fr\/wp-content\/uploads\/2021\/06\/BREBIS-BRUCOURT-APRES-TONTE-1024x294-1.jpg 1024w, https:\/\/lebiodelamue.fr\/wp-content\/uploads\/2021\/06\/BREBIS-BRUCOURT-APRES-TONTE-1024x294-1-300x86.jpg 300w, https:\/\/lebiodelamue.fr\/wp-content\/uploads\/2021\/06\/BREBIS-BRUCOURT-APRES-TONTE-1024x294-1-768x221.jpg 768w\" sizes=\"(max-width: 1024px) 100vw, 1024px\" \/><\/figure>\n<\/div>\n\n\n\n<div class=\"wp-block-column\">\n<figure class=\"wp-block-image size-large\"><img loading=\"lazy\" width=\"1024\" height=\"576\" src=\"http:\/\/lebiodelamue.fr\/wp-content\/uploads\/2021\/06\/VACHES-BRUCOURT-1024x576-2.jpg\" alt=\"\" class=\"wp-image-354\" srcset=\"https:\/\/lebiodelamue.fr\/wp-content\/uploads\/2021\/06\/VACHES-BRUCOURT-1024x576-2.jpg 1024w, https:\/\/lebiodelamue.fr\/wp-content\/uploads\/2021\/06\/VACHES-BRUCOURT-1024x576-2-300x169.jpg 300w, https:\/\/lebiodelamue.fr\/wp-content\/uploads\/2021\/06\/VACHES-BRUCOURT-1024x576-2-768x432.jpg 768w\" sizes=\"(max-width: 1024px) 100vw, 1024px\" \/><\/figure>\n<\/div>\n<\/div>\n","protected":false},"excerpt":{"rendered":"<p>Le GAEC le Vent des Marais est une petite exploitation localis\u00e9e \u00e0 Brucourt, dans le Calvados, plus exactement dans les [&hellip;]<\/p>\n","protected":false},"author":1,"featured_media":0,"parent":56,"menu_order":0,"comment_status":"closed","ping_status":"closed","template":"","meta":[],"_links":{"self":[{"href":"https:\/\/lebiodelamue.fr\/index.php\/wp-json\/wp\/v2\/pages\/150"}],"collection":[{"href":"https:\/\/lebiodelamue.fr\/index.php\/wp-json\/wp\/v2\/pages"}],"about":[{"href":"https:\/\/lebiodelamue.fr\/index.php\/wp-json\/wp\/v2\/types\/page"}],"author":[{"embeddable":true,"href":"https:\/\/lebiodelamue.fr\/index.php\/wp-json\/wp\/v2\/users\/1"}],"replies":[{"embeddable":true,"href":"https:\/\/lebiodelamue.fr\/index.php\/wp-json\/wp\/v2\/comments?post=150"}],"version-history":[{"count":1,"href":"https:\/\/lebiodelamue.fr\/index.php\/wp-json\/wp\/v2\/pages\/150\/revisions"}],"predecessor-version":[{"id":357,"href":"https:\/\/lebiodelamue.fr\/index.php\/wp-json\/wp\/v2\/pages\/150\/revisions\/357"}],"up":[{"embeddable":true,"href":"https:\/\/lebiodelamue.fr\/index.php\/wp-json\/wp\/v2\/pages\/56"}],"wp:attachment":[{"href":"https:\/\/lebiodelamue.fr\/index.php\/wp-json\/wp\/v2\/media?parent=150"}],"curies":[{"name":"wp","href":"https:\/\/api.w.org\/{rel}","templated":true}]}}