{"id":280,"date":"2021-05-05T13:09:21","date_gmt":"2021-05-05T11:09:21","guid":{"rendered":"http:\/\/dufgreene.synology.me:8000\/?page_id=280"},"modified":"2021-06-24T07:22:04","modified_gmt":"2021-06-24T05:22:04","slug":"acces-adherents","status":"publish","type":"page","link":"https:\/\/lebiodelamue.fr\/index.php\/acces-adherents\/","title":{"rendered":"Quelques informations utiles"},"content":{"rendered":"\n<h2>Mode d&#8217;emploi AMAPJ, plateforme de commande en ligne<\/h2>\n\n\n\n<div class=\"wp-block-file\"><a href=\"http:\/\/lebiodelamue.fr\/wp-content\/uploads\/2021\/06\/notice_explicative-AMAPJ_adherents.pdf\">notice_explicative AMAPJ_adherents<\/a><a href=\"http:\/\/lebiodelamue.fr\/wp-content\/uploads\/2021\/06\/notice_explicative-AMAPJ_adherents.pdf\" class=\"wp-block-file__button\" download>T\u00e9l\u00e9charger<\/a><\/div>\n\n\n\n<p><\/p>\n\n\n\n<h2 id=\"block-5917ff49-2996-47e9-8a2e-2127481c31cb\">Permanences de distribution<\/h2>\n\n\n\n<p id=\"block-5917ff49-2996-47e9-8a2e-2127481c31cb\">Les permanences de distribution ont lieu tous les jeudis de 18 \u00e0 19 h, Salle de la Londe, 6 rue nouvelle, 14740 Saint Manvieu &#8211; Norrey. Lorsque le jeudi est f\u00e9ri\u00e9, la permanence est tenue g\u00e9n\u00e9ralement le vendredi \u00e0 la m\u00eame heure, cela est pr\u00e9cis\u00e9 lors de votre commande.<\/p>\n\n\n\n<p id=\"block-30d7d838-092d-48e2-a9c6-c36218e699cf\">Chaque membre doit assurer le nombre de permanences d\u00e9cid\u00e9 par le collectif d&#8217;animation.<\/p>\n\n\n\n<p id=\"block-6db45b14-e0a2-4459-9445-c76273f1240b\">Pour assurer une permanence,&nbsp;merci de vous inscrire sur le calendrier en ligne disponible dans AMAPJ. Merci pour votre contribution !!!<\/p>\n\n\n\n<p id=\"block-6c028a85-72e9-4ddc-934e-a02c3a97476e\">Afin de vous aider, notamment lors de votre premi\u00e8re permanence, un manuel a \u00e9t\u00e9 \u00e9dit\u00e9 et vous a \u00e9t\u00e9 envoy\u00e9 par mail. <\/p>\n\n\n\n<p><\/p>\n","protected":false},"excerpt":{"rendered":"<p>Mode d&#8217;emploi AMAPJ, plateforme de commande en ligne Permanences de distribution Les permanences de distribution ont lieu tous les jeudis [&hellip;]<\/p>\n","protected":false},"author":1,"featured_media":0,"parent":0,"menu_order":0,"comment_status":"closed","ping_status":"closed","template":"","meta":[],"_links":{"self":[{"href":"https:\/\/lebiodelamue.fr\/index.php\/wp-json\/wp\/v2\/pages\/280"}],"collection":[{"href":"https:\/\/lebiodelamue.fr\/index.php\/wp-json\/wp\/v2\/pages"}],"about":[{"href":"https:\/\/lebiodelamue.fr\/index.php\/wp-json\/wp\/v2\/types\/page"}],"author":[{"embeddable":true,"href":"https:\/\/lebiodelamue.fr\/index.php\/wp-json\/wp\/v2\/users\/1"}],"replies":[{"embeddable":true,"href":"https:\/\/lebiodelamue.fr\/index.php\/wp-json\/wp\/v2\/comments?post=280"}],"version-history":[{"count":2,"href":"https:\/\/lebiodelamue.fr\/index.php\/wp-json\/wp\/v2\/pages\/280\/revisions"}],"predecessor-version":[{"id":374,"href":"https:\/\/lebiodelamue.fr\/index.php\/wp-json\/wp\/v2\/pages\/280\/revisions\/374"}],"wp:attachment":[{"href":"https:\/\/lebiodelamue.fr\/index.php\/wp-json\/wp\/v2\/media?parent=280"}],"curies":[{"name":"wp","href":"https:\/\/api.w.org\/{rel}","templated":true}]}}