{"id":388,"date":"2021-09-04T19:59:01","date_gmt":"2021-09-04T17:59:01","guid":{"rendered":"http:\/\/lebiodelamue.fr\/?page_id=388"},"modified":"2021-10-25T21:23:10","modified_gmt":"2021-10-25T19:23:10","slug":"une-envie-de-saison","status":"publish","type":"page","link":"https:\/\/lebiodelamue.fr\/index.php\/nos-producteurs\/une-envie-de-saison\/","title":{"rendered":"Une envie de saison"},"content":{"rendered":"\n<p>Je suis S\u00e9bastien, j&#8217;ai ouvert mon entreprise de p\u00e2tisserie et produits traiteur dans un local nomm\u00e9 &#8221; CONTREBANDE &#8221; avec 3 autres ind\u00e9pendants dont Diego de &#8221; PAIN VIVANT\u00a0&#8221; \u00e0 Bretteville sur Odon.\u00a0Je fabrique toutes sortes de p\u00e2tisseries et de g\u00e2teaux secs en fonction des saisons.\u00a0J&#8217;utilise des mati\u00e8res premi\u00e8res locales et en partie bio comme la farine et le sucre. Le beurre et les \u0153ufs proviennent de producteurs locaux non labellis\u00e9s\u00a0mais en respect avec la nature.<\/p>\n\n\n\n<figure class=\"wp-block-gallery columns-3 is-cropped\"><ul class=\"blocks-gallery-grid\"><li class=\"blocks-gallery-item\"><figure><img loading=\"lazy\" width=\"768\" height=\"1024\" src=\"http:\/\/lebiodelamue.fr\/wp-content\/uploads\/2021\/10\/Biscuits-1-768x1024.jpeg\" alt=\"\" data-id=\"396\" data-full-url=\"http:\/\/lebiodelamue.fr\/wp-content\/uploads\/2021\/10\/Biscuits-1-scaled.jpeg\" data-link=\"http:\/\/lebiodelamue.fr\/index.php\/nos-producteurs\/une-envie-de-saison\/biscuits-1\/#main\" class=\"wp-image-396\" srcset=\"https:\/\/lebiodelamue.fr\/wp-content\/uploads\/2021\/10\/Biscuits-1-768x1024.jpeg 768w, https:\/\/lebiodelamue.fr\/wp-content\/uploads\/2021\/10\/Biscuits-1-225x300.jpeg 225w, https:\/\/lebiodelamue.fr\/wp-content\/uploads\/2021\/10\/Biscuits-1-1152x1536.jpeg 1152w, https:\/\/lebiodelamue.fr\/wp-content\/uploads\/2021\/10\/Biscuits-1-1536x2048.jpeg 1536w, https:\/\/lebiodelamue.fr\/wp-content\/uploads\/2021\/10\/Biscuits-1-scaled.jpeg 1920w\" sizes=\"(max-width: 768px) 100vw, 768px\" \/><\/figure><\/li><li class=\"blocks-gallery-item\"><figure><img loading=\"lazy\" width=\"768\" height=\"1024\" src=\"http:\/\/lebiodelamue.fr\/wp-content\/uploads\/2021\/10\/Biscuits-2-768x1024.jpeg\" alt=\"\" data-id=\"397\" data-full-url=\"http:\/\/lebiodelamue.fr\/wp-content\/uploads\/2021\/10\/Biscuits-2-scaled.jpeg\" data-link=\"http:\/\/lebiodelamue.fr\/index.php\/nos-producteurs\/une-envie-de-saison\/biscuits-2\/#main\" class=\"wp-image-397\" srcset=\"https:\/\/lebiodelamue.fr\/wp-content\/uploads\/2021\/10\/Biscuits-2-768x1024.jpeg 768w, https:\/\/lebiodelamue.fr\/wp-content\/uploads\/2021\/10\/Biscuits-2-225x300.jpeg 225w, https:\/\/lebiodelamue.fr\/wp-content\/uploads\/2021\/10\/Biscuits-2-1152x1536.jpeg 1152w, https:\/\/lebiodelamue.fr\/wp-content\/uploads\/2021\/10\/Biscuits-2-1536x2048.jpeg 1536w, https:\/\/lebiodelamue.fr\/wp-content\/uploads\/2021\/10\/Biscuits-2-scaled.jpeg 1920w\" sizes=\"(max-width: 768px) 100vw, 768px\" \/><\/figure><\/li><li class=\"blocks-gallery-item\"><figure><img loading=\"lazy\" width=\"1024\" height=\"683\" src=\"http:\/\/lebiodelamue.fr\/wp-content\/uploads\/2021\/10\/Sebastien-1024x683.jpg\" alt=\"\" data-id=\"398\" data-full-url=\"http:\/\/lebiodelamue.fr\/wp-content\/uploads\/2021\/10\/Sebastien.jpg\" data-link=\"http:\/\/lebiodelamue.fr\/index.php\/nos-producteurs\/une-envie-de-saison\/sebastien\/#main\" class=\"wp-image-398\" srcset=\"https:\/\/lebiodelamue.fr\/wp-content\/uploads\/2021\/10\/Sebastien-1024x683.jpg 1024w, https:\/\/lebiodelamue.fr\/wp-content\/uploads\/2021\/10\/Sebastien-300x200.jpg 300w, https:\/\/lebiodelamue.fr\/wp-content\/uploads\/2021\/10\/Sebastien-768x512.jpg 768w, https:\/\/lebiodelamue.fr\/wp-content\/uploads\/2021\/10\/Sebastien-1536x1024.jpg 1536w, https:\/\/lebiodelamue.fr\/wp-content\/uploads\/2021\/10\/Sebastien-2048x1365.jpg 2048w\" sizes=\"(max-width: 1024px) 100vw, 1024px\" \/><\/figure><\/li><\/ul><\/figure>\n","protected":false},"excerpt":{"rendered":"<p>Je suis S\u00e9bastien, j&#8217;ai ouvert mon entreprise de p\u00e2tisserie et produits traiteur dans un local nomm\u00e9 &#8221; CONTREBANDE &#8221; avec [&hellip;]<\/p>\n","protected":false},"author":1,"featured_media":0,"parent":56,"menu_order":0,"comment_status":"closed","ping_status":"closed","template":"","meta":[],"_links":{"self":[{"href":"https:\/\/lebiodelamue.fr\/index.php\/wp-json\/wp\/v2\/pages\/388"}],"collection":[{"href":"https:\/\/lebiodelamue.fr\/index.php\/wp-json\/wp\/v2\/pages"}],"about":[{"href":"https:\/\/lebiodelamue.fr\/index.php\/wp-json\/wp\/v2\/types\/page"}],"author":[{"embeddable":true,"href":"https:\/\/lebiodelamue.fr\/index.php\/wp-json\/wp\/v2\/users\/1"}],"replies":[{"embeddable":true,"href":"https:\/\/lebiodelamue.fr\/index.php\/wp-json\/wp\/v2\/comments?post=388"}],"version-history":[{"count":2,"href":"https:\/\/lebiodelamue.fr\/index.php\/wp-json\/wp\/v2\/pages\/388\/revisions"}],"predecessor-version":[{"id":399,"href":"https:\/\/lebiodelamue.fr\/index.php\/wp-json\/wp\/v2\/pages\/388\/revisions\/399"}],"up":[{"embeddable":true,"href":"https:\/\/lebiodelamue.fr\/index.php\/wp-json\/wp\/v2\/pages\/56"}],"wp:attachment":[{"href":"https:\/\/lebiodelamue.fr\/index.php\/wp-json\/wp\/v2\/media?parent=388"}],"curies":[{"name":"wp","href":"https:\/\/api.w.org\/{rel}","templated":true}]}}