{"id":470,"date":"2025-02-05T10:42:44","date_gmt":"2025-02-05T09:42:44","guid":{"rendered":"http:\/\/lebiodelamue.fr\/?page_id=470"},"modified":"2025-02-05T10:49:13","modified_gmt":"2025-02-05T09:49:13","slug":"tata-bocal","status":"publish","type":"page","link":"https:\/\/lebiodelamue.fr\/index.php\/nos-producteurs\/tata-bocal\/","title":{"rendered":"Tata Bocal"},"content":{"rendered":"\n<figure class=\"wp-block-image size-large\"><img loading=\"lazy\" width=\"1024\" height=\"680\" src=\"https:\/\/lebiodelamue.fr\/wp-content\/uploads\/2025\/02\/Tata-bocal-coop5pour100-1024x680.jpg\" alt=\"\" class=\"wp-image-477\" srcset=\"https:\/\/lebiodelamue.fr\/wp-content\/uploads\/2025\/02\/Tata-bocal-coop5pour100-1024x680.jpg 1024w, https:\/\/lebiodelamue.fr\/wp-content\/uploads\/2025\/02\/Tata-bocal-coop5pour100-300x199.jpg 300w, https:\/\/lebiodelamue.fr\/wp-content\/uploads\/2025\/02\/Tata-bocal-coop5pour100-768x510.jpg 768w, https:\/\/lebiodelamue.fr\/wp-content\/uploads\/2025\/02\/Tata-bocal-coop5pour100-1536x1020.jpg 1536w, https:\/\/lebiodelamue.fr\/wp-content\/uploads\/2025\/02\/Tata-bocal-coop5pour100.jpg 2048w\" sizes=\"(max-width: 1024px) 100vw, 1024px\" \/><figcaption>charset=Ascii<\/figcaption><\/figure>\n\n\n\n<p>Am\u00e9lie propose une gamme assez large de bocaux en\u00a0<strong>conservation longue<\/strong>, pour la plupart labellis\u00e9s bio, fabriqu\u00e9s comme \u00e0 la maison en petits lots et \u00e0 la main.<br>Les produits non labellis\u00e9s contiennent des fruits et l\u00e9gumes de jardins particuliers ou de cueillette\u00a0sauvage aux alentours de son atelier.\u00a0<br>Am\u00e9lie travaille au maximum avec les\u00a0<strong>producteurs locaux<\/strong>\u00a0pendant les\u00a0<strong>pics de production<\/strong>\u00a0des fruits et l\u00e9gumes afin de les retrouver toute l&#8217;ann\u00e9e et\u00a0<strong>d&#8217;\u00e9viter le gaspillage alimentaire<\/strong>.\u00a0Lorsque cela est n\u00e9cessaire, elle travaille \u00e9galement avec un grossiste Bio, exclusivement\u00a0sur des produits Fran\u00e7ais (sauf exception, par exemple les marmelades d&#8217;orange)<\/p>\n","protected":false},"excerpt":{"rendered":"<p>Am\u00e9lie propose une gamme assez large de bocaux en\u00a0conservation longue, pour la plupart labellis\u00e9s bio, fabriqu\u00e9s comme \u00e0 la maison [&hellip;]<\/p>\n","protected":false},"author":1,"featured_media":0,"parent":56,"menu_order":0,"comment_status":"closed","ping_status":"closed","template":"","meta":[],"_links":{"self":[{"href":"https:\/\/lebiodelamue.fr\/index.php\/wp-json\/wp\/v2\/pages\/470"}],"collection":[{"href":"https:\/\/lebiodelamue.fr\/index.php\/wp-json\/wp\/v2\/pages"}],"about":[{"href":"https:\/\/lebiodelamue.fr\/index.php\/wp-json\/wp\/v2\/types\/page"}],"author":[{"embeddable":true,"href":"https:\/\/lebiodelamue.fr\/index.php\/wp-json\/wp\/v2\/users\/1"}],"replies":[{"embeddable":true,"href":"https:\/\/lebiodelamue.fr\/index.php\/wp-json\/wp\/v2\/comments?post=470"}],"version-history":[{"count":4,"href":"https:\/\/lebiodelamue.fr\/index.php\/wp-json\/wp\/v2\/pages\/470\/revisions"}],"predecessor-version":[{"id":479,"href":"https:\/\/lebiodelamue.fr\/index.php\/wp-json\/wp\/v2\/pages\/470\/revisions\/479"}],"up":[{"embeddable":true,"href":"https:\/\/lebiodelamue.fr\/index.php\/wp-json\/wp\/v2\/pages\/56"}],"wp:attachment":[{"href":"https:\/\/lebiodelamue.fr\/index.php\/wp-json\/wp\/v2\/media?parent=470"}],"curies":[{"name":"wp","href":"https:\/\/api.w.org\/{rel}","templated":true}]}}