{"id":64,"date":"2021-04-22T22:12:00","date_gmt":"2021-04-22T20:12:00","guid":{"rendered":"http:\/\/dufgreene.synology.me:8000\/?page_id=64"},"modified":"2021-06-23T14:35:15","modified_gmt":"2021-06-23T12:35:15","slug":"lgardin-partageo","status":"publish","type":"page","link":"https:\/\/lebiodelamue.fr\/index.php\/nos-producteurs\/lgardin-partageo\/","title":{"rendered":"L\u2019G\u00e2rdin part\u00e2geo"},"content":{"rendered":"\n<p>&#8220;Nous sommes une entreprise en mara\u00eechage biologique cr\u00e9\u00e9e en 2000 \u00e0 Torteval-Quesnay pr\u00e8s de Tilly sur Seulles. Nous proposons nos l\u00e9gumes bio en point relais et AMAP \u00e0 Caen et alentours, mais aussi au march\u00e9 \u00e0 la ferme et sur les march\u00e9s de Bayeux et de Caen le week-end.&nbsp;Aujourd\u2019hui elle est g\u00e9r\u00e9e par trois associ\u00e9s Arnaud Pupet, Xavier Osouf et Benjamin Epiard, mais aussi par les salari\u00e9.e.s \u00e0 temps plein, par le ou la saisonnier.e et les vendeurs et vendeuses.<br>Nous cherchons toujours \u00e0 diversifier nos produits, qu\u2019ils soient color\u00e9s, diff\u00e9rents par leurs formes et leurs saveurs et faire en sorte que le maximum de l\u00e9gumes puisse continuer d\u2019exister. <br>Nous sommes dans un espace collectif et social, o\u00f9 les besoins de chacun.e sont consid\u00e9r\u00e9s. Nous accueillons pendant la belle saison des wwoofer.e.s et tout au long de l\u2019ann\u00e9e des stagiaires int\u00e9ress\u00e9.e.s par le m\u00e9tier et voulant s\u2019installer par la suite.&#8221;<\/p>\n\n\n\n<div class=\"wp-block-columns\">\n<div class=\"wp-block-column\">\n<figure class=\"wp-block-image size-large\"><img loading=\"lazy\" width=\"206\" height=\"206\" src=\"http:\/\/lebiodelamue.fr\/wp-content\/uploads\/2021\/06\/Gardin-1.jpg\" alt=\"\" class=\"wp-image-329\" srcset=\"https:\/\/lebiodelamue.fr\/wp-content\/uploads\/2021\/06\/Gardin-1.jpg 206w, https:\/\/lebiodelamue.fr\/wp-content\/uploads\/2021\/06\/Gardin-1-150x150.jpg 150w\" sizes=\"(max-width: 206px) 100vw, 206px\" \/><\/figure>\n<\/div>\n\n\n\n<div class=\"wp-block-column\">\n<figure class=\"wp-block-image size-large\"><img loading=\"lazy\" width=\"206\" height=\"206\" src=\"http:\/\/lebiodelamue.fr\/wp-content\/uploads\/2021\/06\/Gardin-2.jpg\" alt=\"\" class=\"wp-image-330\" srcset=\"https:\/\/lebiodelamue.fr\/wp-content\/uploads\/2021\/06\/Gardin-2.jpg 206w, https:\/\/lebiodelamue.fr\/wp-content\/uploads\/2021\/06\/Gardin-2-150x150.jpg 150w\" sizes=\"(max-width: 206px) 100vw, 206px\" \/><\/figure>\n<\/div>\n\n\n\n<div class=\"wp-block-column\">\n<figure class=\"wp-block-image size-large\"><img loading=\"lazy\" width=\"206\" height=\"206\" src=\"http:\/\/lebiodelamue.fr\/wp-content\/uploads\/2021\/06\/Gardin-3.jpg\" alt=\"\" class=\"wp-image-331\" srcset=\"https:\/\/lebiodelamue.fr\/wp-content\/uploads\/2021\/06\/Gardin-3.jpg 206w, https:\/\/lebiodelamue.fr\/wp-content\/uploads\/2021\/06\/Gardin-3-150x150.jpg 150w\" sizes=\"(max-width: 206px) 100vw, 206px\" \/><\/figure>\n<\/div>\n<\/div>\n\n\n\n<div class=\"wp-block-columns\">\n<div class=\"wp-block-column\">\n<figure class=\"wp-block-image size-large\"><img loading=\"lazy\" width=\"206\" height=\"206\" src=\"http:\/\/lebiodelamue.fr\/wp-content\/uploads\/2021\/06\/Gardin-4.jpg\" alt=\"\" class=\"wp-image-332\" srcset=\"https:\/\/lebiodelamue.fr\/wp-content\/uploads\/2021\/06\/Gardin-4.jpg 206w, https:\/\/lebiodelamue.fr\/wp-content\/uploads\/2021\/06\/Gardin-4-150x150.jpg 150w\" sizes=\"(max-width: 206px) 100vw, 206px\" \/><\/figure>\n<\/div>\n\n\n\n<div class=\"wp-block-column\">\n<figure class=\"wp-block-image size-large\"><img loading=\"lazy\" width=\"206\" height=\"206\" src=\"http:\/\/lebiodelamue.fr\/wp-content\/uploads\/2021\/06\/Gardin-5.jpg\" alt=\"\" class=\"wp-image-333\" srcset=\"https:\/\/lebiodelamue.fr\/wp-content\/uploads\/2021\/06\/Gardin-5.jpg 206w, https:\/\/lebiodelamue.fr\/wp-content\/uploads\/2021\/06\/Gardin-5-150x150.jpg 150w\" sizes=\"(max-width: 206px) 100vw, 206px\" \/><\/figure>\n<\/div>\n\n\n\n<div class=\"wp-block-column\">\n<figure class=\"wp-block-image size-large\"><img loading=\"lazy\" width=\"206\" height=\"206\" src=\"http:\/\/lebiodelamue.fr\/wp-content\/uploads\/2021\/06\/Gardin-6.jpg\" alt=\"\" class=\"wp-image-334\" srcset=\"https:\/\/lebiodelamue.fr\/wp-content\/uploads\/2021\/06\/Gardin-6.jpg 206w, https:\/\/lebiodelamue.fr\/wp-content\/uploads\/2021\/06\/Gardin-6-150x150.jpg 150w\" sizes=\"(max-width: 206px) 100vw, 206px\" \/><\/figure>\n<\/div>\n<\/div>\n\n\n\n<div class=\"wp-block-columns\">\n<div class=\"wp-block-column\">\n<figure class=\"wp-block-image size-large\"><img loading=\"lazy\" width=\"180\" height=\"180\" src=\"http:\/\/lebiodelamue.fr\/wp-content\/uploads\/2021\/06\/Gardin-7.jpg\" alt=\"\" class=\"wp-image-335\" srcset=\"https:\/\/lebiodelamue.fr\/wp-content\/uploads\/2021\/06\/Gardin-7.jpg 180w, https:\/\/lebiodelamue.fr\/wp-content\/uploads\/2021\/06\/Gardin-7-150x150.jpg 150w\" sizes=\"(max-width: 180px) 100vw, 180px\" \/><\/figure>\n<\/div>\n\n\n\n<div class=\"wp-block-column\">\n<figure class=\"wp-block-image size-large\"><img loading=\"lazy\" width=\"206\" height=\"206\" src=\"http:\/\/lebiodelamue.fr\/wp-content\/uploads\/2021\/06\/Gardin-8.jpg\" alt=\"\" class=\"wp-image-336\" srcset=\"https:\/\/lebiodelamue.fr\/wp-content\/uploads\/2021\/06\/Gardin-8.jpg 206w, https:\/\/lebiodelamue.fr\/wp-content\/uploads\/2021\/06\/Gardin-8-150x150.jpg 150w\" sizes=\"(max-width: 206px) 100vw, 206px\" \/><\/figure>\n<\/div>\n\n\n\n<div class=\"wp-block-column\">\n<figure class=\"wp-block-image size-large\"><img loading=\"lazy\" width=\"206\" height=\"206\" src=\"http:\/\/lebiodelamue.fr\/wp-content\/uploads\/2021\/06\/Gardin-9.jpg\" alt=\"\" class=\"wp-image-337\" srcset=\"https:\/\/lebiodelamue.fr\/wp-content\/uploads\/2021\/06\/Gardin-9.jpg 206w, https:\/\/lebiodelamue.fr\/wp-content\/uploads\/2021\/06\/Gardin-9-150x150.jpg 150w\" sizes=\"(max-width: 206px) 100vw, 206px\" \/><\/figure>\n<\/div>\n<\/div>\n\n\n\n<p><\/p>\n","protected":false},"excerpt":{"rendered":"<p>&#8220;Nous sommes une entreprise en mara\u00eechage biologique cr\u00e9\u00e9e en 2000 \u00e0 Torteval-Quesnay pr\u00e8s de Tilly sur Seulles. Nous proposons nos [&hellip;]<\/p>\n","protected":false},"author":1,"featured_media":0,"parent":56,"menu_order":0,"comment_status":"closed","ping_status":"closed","template":"","meta":[],"_links":{"self":[{"href":"https:\/\/lebiodelamue.fr\/index.php\/wp-json\/wp\/v2\/pages\/64"}],"collection":[{"href":"https:\/\/lebiodelamue.fr\/index.php\/wp-json\/wp\/v2\/pages"}],"about":[{"href":"https:\/\/lebiodelamue.fr\/index.php\/wp-json\/wp\/v2\/types\/page"}],"author":[{"embeddable":true,"href":"https:\/\/lebiodelamue.fr\/index.php\/wp-json\/wp\/v2\/users\/1"}],"replies":[{"embeddable":true,"href":"https:\/\/lebiodelamue.fr\/index.php\/wp-json\/wp\/v2\/comments?post=64"}],"version-history":[{"count":1,"href":"https:\/\/lebiodelamue.fr\/index.php\/wp-json\/wp\/v2\/pages\/64\/revisions"}],"predecessor-version":[{"id":338,"href":"https:\/\/lebiodelamue.fr\/index.php\/wp-json\/wp\/v2\/pages\/64\/revisions\/338"}],"up":[{"embeddable":true,"href":"https:\/\/lebiodelamue.fr\/index.php\/wp-json\/wp\/v2\/pages\/56"}],"wp:attachment":[{"href":"https:\/\/lebiodelamue.fr\/index.php\/wp-json\/wp\/v2\/media?parent=64"}],"curies":[{"name":"wp","href":"https:\/\/api.w.org\/{rel}","templated":true}]}}