{"id":68,"date":"2021-04-22T22:15:42","date_gmt":"2021-04-22T20:15:42","guid":{"rendered":"http:\/\/dufgreene.synology.me:8000\/?page_id=68"},"modified":"2021-06-23T14:33:58","modified_gmt":"2021-06-23T12:33:58","slug":"gilles-et-michele-lecaudey","status":"publish","type":"page","link":"https:\/\/lebiodelamue.fr\/index.php\/nos-producteurs\/gilles-et-michele-lecaudey\/","title":{"rendered":"Les enfants de la bio"},"content":{"rendered":"\n<p>Les Enfants de la bio est l&#8217;exploitant \u00e0 la Ferme du Manoir \u00e0 Mandeville en Bessin dans le Calvados.<\/p>\n\n\n\n<p>Quand Mr Lecaudey reprend la ferme de ses parents en 1986, l\u2019exploitation bovine&nbsp;est d\u00e9j\u00e0 en bio.<\/p>\n\n\n\n<p>En 1994, il d\u00e9cide de faire des \u0153ufs bio et met en place un poulailler dans un b\u00e2timent jouxtant sa maison.<\/p>\n\n\n\n<p>Aujourd\u2019hui, il a deux poulaillers en plein champs car selon le cahier des charges bio, chaque poule doit disposer d&#8217;au moins 4 m2 en plein air. Mr Lecaudey produit sur sa ferme au moins 40% des c\u00e9r\u00e9ales dont ses poules ont besoin. Elles sont bien nourries et cela donne de tr\u00e8s bons \u0153ufs !<\/p>\n\n\n\n<div class=\"wp-block-image\"><figure class=\"aligncenter size-large\"><img src=\"http:\/\/dufgreene.synology.me:8000\/wp-content\/uploads\/2021\/05\/Les-enfants-de-la-bio-1.png\" alt=\"\"\/><\/figure><\/div>\n","protected":false},"excerpt":{"rendered":"<p>Les Enfants de la bio est l&#8217;exploitant \u00e0 la Ferme du Manoir \u00e0 Mandeville en Bessin dans le Calvados. Quand [&hellip;]<\/p>\n","protected":false},"author":1,"featured_media":0,"parent":56,"menu_order":0,"comment_status":"closed","ping_status":"closed","template":"","meta":[],"_links":{"self":[{"href":"https:\/\/lebiodelamue.fr\/index.php\/wp-json\/wp\/v2\/pages\/68"}],"collection":[{"href":"https:\/\/lebiodelamue.fr\/index.php\/wp-json\/wp\/v2\/pages"}],"about":[{"href":"https:\/\/lebiodelamue.fr\/index.php\/wp-json\/wp\/v2\/types\/page"}],"author":[{"embeddable":true,"href":"https:\/\/lebiodelamue.fr\/index.php\/wp-json\/wp\/v2\/users\/1"}],"replies":[{"embeddable":true,"href":"https:\/\/lebiodelamue.fr\/index.php\/wp-json\/wp\/v2\/comments?post=68"}],"version-history":[{"count":1,"href":"https:\/\/lebiodelamue.fr\/index.php\/wp-json\/wp\/v2\/pages\/68\/revisions"}],"predecessor-version":[{"id":328,"href":"https:\/\/lebiodelamue.fr\/index.php\/wp-json\/wp\/v2\/pages\/68\/revisions\/328"}],"up":[{"embeddable":true,"href":"https:\/\/lebiodelamue.fr\/index.php\/wp-json\/wp\/v2\/pages\/56"}],"wp:attachment":[{"href":"https:\/\/lebiodelamue.fr\/index.php\/wp-json\/wp\/v2\/media?parent=68"}],"curies":[{"name":"wp","href":"https:\/\/api.w.org\/{rel}","templated":true}]}}