{"id":8,"date":"2021-04-08T19:46:09","date_gmt":"2021-04-08T17:46:09","guid":{"rendered":"http:\/\/dufgreene.synology.me:8000\/?page_id=3"},"modified":"2021-06-23T21:27:59","modified_gmt":"2021-06-23T19:27:59","slug":"politique-de-confidentialite-2","status":"publish","type":"page","link":"https:\/\/lebiodelamue.fr\/index.php\/politique-de-confidentialite-2\/","title":{"rendered":"Informations l\u00e9gales et Politique de confidentialit\u00e9"},"content":{"rendered":"\n<h3>1) Qui sommes-nous&nbsp;?<\/h3>\n\n\n\n<p><strong>Association&nbsp;<\/strong>:&nbsp;<strong>COLLECTIF BIO DE LA MUE<\/strong><\/p>\n\n\n\n<p><strong>Identification R.N.A.<\/strong>&nbsp;: W142009586<\/p>\n\n\n\n<p><strong>No de parution<\/strong>&nbsp;: 20120017<\/p>\n\n\n\n<p><strong>D\u00e9partement (R\u00e9gion)<\/strong>&nbsp;: Calvados (Basse-Normandie)<\/p>\n\n\n\n<p><strong>Lieu parution<\/strong>&nbsp;: D\u00e9claration \u00e0 la pr\u00e9fecture du Calvados.<\/p>\n\n\n\n<p><strong>Type d&#8217;annonce<\/strong>&nbsp;: ASSOCIATION\/CREATION &#8211;&nbsp;D\u00e9claration \u00e0 la pr\u00e9fecture du Calvados<\/p>\n\n\n\n<p><strong>Objet&nbsp;<\/strong>: promouvoir une agriculture durable, socialement \u00e9quitable et \u00e9cologiquement saine ; soutenir les agriculteurs de proximit\u00e9 d\u00e9sirant s\u2019engager dans une production respectueuse de l\u2019environnement ; mettre en relation les adh\u00e9rents et les producteurs. L\u2019organisation des relations entre les partenaires et la distribution des produits dans le cadre d\u2019une gestion d\u00e9sint\u00e9ress\u00e9e ; elle ne participe pas \u00e0 l\u2019achat ni \u00e0 la vente des denr\u00e9es.<\/p>\n\n\n\n<p><strong>Si\u00e8ge social<\/strong>&nbsp;: 6 rue Nouvelle, 14740 Saint Manvieu Norrey.<\/p>\n\n\n\n<p><strong>Date de la d\u00e9claration<\/strong>&nbsp;: 12 avril 2012.<\/p>\n\n\n\n<h3>2) H\u00e9bergement<\/h3>\n\n\n\n<p>OVH SAS &#8211; 2 rue Kellermann &#8211; 59100 ROUBAIX<\/p>\n\n\n\n<h3>3) Limites de responsabilit\u00e9<\/h3>\n\n\n\n<p>Nous pouvons mettre \u00e0 jour notre site Web de temps \u00e0 autre et pouvons modifier le contenu \u00e0 tout moment. Veuillez cependant noter que tout contenu de notre site Web peut \u00eatre obsol\u00e8te \u00e0 tout moment et que nous n&#8217;avons pas l&#8217;obligation de le mettre \u00e0 jour.<\/p>\n\n\n\n<p>Nous ne garantissons pas que notre site Web, ou tout contenu qu&#8217;il contient, sera exempt d&#8217;erreurs ou d&#8217;omissions.<\/p>\n\n\n\n<p>Notre site Web est mis \u00e0 disposition gratuitement. Nous ne garantissons pas que notre site, ou tout contenu qu&#8217;il contient, sera toujours disponible ou ininterrompu. L&#8217;acc\u00e8s \u00e0 notre site est autoris\u00e9 \u00e0 titre temporaire. Nous pouvons suspendre, retirer, interrompre ou modifier tout ou partie de notre site sans pr\u00e9avis. Nous ne serons pas responsables envers vous si, pour quelque raison que ce soit, notre site est indisponible \u00e0 tout moment ou pour quelque p\u00e9riode que ce soit.<\/p>\n\n\n\n<p>Vous \u00eates responsable de prendre toutes les dispositions n\u00e9cessaires pour que vous ayez acc\u00e8s \u00e0 notre site.<\/p>\n\n\n\n<h3>4) Donn\u00e9es personnelles<\/h3>\n\n\n\n<p>Les informations recueillies (nom, pr\u00e9nom, adresse, num\u00e9ro de t\u00e9l\u00e9phone, adresse de courriel) sont n\u00e9cessaires pour votre adh\u00e9sion. Elles font l\u2019objet d\u2019un traitement informatique et sont uniquement destin\u00e9es au secr\u00e9tariat de l\u2019association dans le but de :<\/p>\n\n\n\n<div class=\"wp-block-group\"><div class=\"wp-block-group__inner-container\">\n<ul><li>V\u00e9rifier le secteur de votre lieu d&#8217;habitation<\/li><li>Pouvoir vous contacter par t\u00e9l\u00e9phone en cas de besoin (oubli de venir chercher votre commande&#8230;)<\/li><li>Vous contacter par email de fa\u00e7on automatique (rappel de votre jour de permanence, rappel de date de fermeture des commandes&#8230;) ou vous envoyer des informations (contenu du panier de la semaine, informations livraisons&#8230;)<\/li><\/ul>\n<\/div><\/div>\n\n\n\n<p>Ces donn\u00e9es ne sont conserv\u00e9es que pendant la dur\u00e9e d&#8217;adh\u00e9sion de l&#8217;adh\u00e9rent. Dans le cas o\u00f9 l&#8217;adh\u00e9rent ne d\u00e9missionne pas officiellement, le compte est supprim\u00e9 au bout de 6 mois de non-activit\u00e9.<\/p>\n\n\n\n<p>En application des articles 16 \u00e0 23 du R\u00e8glement G\u00e9n\u00e9ral sur la Protection des Donn\u00e9es du 23 mai 2018, l\u2019adh\u00e9rent b\u00e9n\u00e9ficie d\u2019un droit d\u2019acc\u00e8s, de rectification, effacement, limitation, portabilit\u00e9, opposition aux informations qui le concernent.<\/p>\n","protected":false},"excerpt":{"rendered":"<p>1) Qui sommes-nous&nbsp;? Association&nbsp;:&nbsp;COLLECTIF BIO DE LA MUE Identification R.N.A.&nbsp;: W142009586 No de parution&nbsp;: 20120017 D\u00e9partement (R\u00e9gion)&nbsp;: Calvados (Basse-Normandie) Lieu [&hellip;]<\/p>\n","protected":false},"author":1,"featured_media":0,"parent":0,"menu_order":0,"comment_status":"closed","ping_status":"open","template":"","meta":[],"_links":{"self":[{"href":"https:\/\/lebiodelamue.fr\/index.php\/wp-json\/wp\/v2\/pages\/8"}],"collection":[{"href":"https:\/\/lebiodelamue.fr\/index.php\/wp-json\/wp\/v2\/pages"}],"about":[{"href":"https:\/\/lebiodelamue.fr\/index.php\/wp-json\/wp\/v2\/types\/page"}],"author":[{"embeddable":true,"href":"https:\/\/lebiodelamue.fr\/index.php\/wp-json\/wp\/v2\/users\/1"}],"replies":[{"embeddable":true,"href":"https:\/\/lebiodelamue.fr\/index.php\/wp-json\/wp\/v2\/comments?post=8"}],"version-history":[{"count":2,"href":"https:\/\/lebiodelamue.fr\/index.php\/wp-json\/wp\/v2\/pages\/8\/revisions"}],"predecessor-version":[{"id":373,"href":"https:\/\/lebiodelamue.fr\/index.php\/wp-json\/wp\/v2\/pages\/8\/revisions\/373"}],"wp:attachment":[{"href":"https:\/\/lebiodelamue.fr\/index.php\/wp-json\/wp\/v2\/media?parent=8"}],"curies":[{"name":"wp","href":"https:\/\/api.w.org\/{rel}","templated":true}]}}